{"id":9869,"date":"2023-10-30T11:09:59","date_gmt":"2023-10-30T10:09:59","guid":{"rendered":"https:\/\/staging.saronni.com\/demande-dassistance\/"},"modified":"2023-10-30T15:44:36","modified_gmt":"2023-10-30T14:44:36","slug":"demande-dassistance","status":"publish","type":"page","link":"https:\/\/staging.saronni.com\/fr\/demande-dassistance\/","title":{"rendered":"DEMANDE D&#8217;ASSISTANCE"},"content":{"rendered":"\t\t<div data-elementor-type=\"wp-page\" data-elementor-id=\"9869\" class=\"elementor elementor-9869 elementor-7808\" data-elementor-post-type=\"page\">\n\t\t\t\t<div class=\"elementor-element elementor-element-1b0881e e-flex e-con-boxed e-con e-parent\" data-id=\"1b0881e\" data-element_type=\"container\" data-e-type=\"container\">\n\t\t\t\t\t<div class=\"e-con-inner\">\n\t\t\t\t<div class=\"elementor-element elementor-element-f4608f2 elementor-widget elementor-widget-heading\" data-id=\"f4608f2\" data-element_type=\"widget\" data-e-type=\"widget\" data-widget_type=\"heading.default\">\n\t\t\t\t<div class=\"elementor-widget-container\">\n\t\t\t\t\t<h2 class=\"elementor-heading-title elementor-size-default\">DEMANDE D'ASSISTANCE \/ PIECES DE RECHANGE<\/h2>\t\t\t\t<\/div>\n\t\t\t\t<\/div>\n\t\t\t\t<div class=\"elementor-element elementor-element-4648295 elementor-widget-divider--view-line elementor-widget elementor-widget-divider\" data-id=\"4648295\" data-element_type=\"widget\" data-e-type=\"widget\" data-widget_type=\"divider.default\">\n\t\t\t\t<div class=\"elementor-widget-container\">\n\t\t\t\t\t\t\t<div class=\"elementor-divider\">\n\t\t\t<span class=\"elementor-divider-separator\">\n\t\t\t\t\t\t<\/span>\n\t\t<\/div>\n\t\t\t\t\t\t<\/div>\n\t\t\t\t<\/div>\n\t\t\t\t<div class=\"elementor-element elementor-element-11956f4 elementor-button-align-start elementor-widget elementor-widget-form\" data-id=\"11956f4\" data-element_type=\"widget\" data-e-type=\"widget\" data-settings=\"{&quot;step_next_label&quot;:&quot;suivant&quot;,&quot;step_previous_label&quot;:&quot;pr\\u00e9c\\u00e9dent&quot;,&quot;button_width&quot;:&quot;100&quot;,&quot;step_type&quot;:&quot;number_text&quot;,&quot;step_icon_shape&quot;:&quot;circle&quot;}\" data-widget_type=\"form.default\">\n\t\t\t\t<div class=\"elementor-widget-container\">\n\t\t\t\t\t\t\t<form class=\"elementor-form\" method=\"post\" name=\"Nouveau module\">\n\t\t\t<input type=\"hidden\" name=\"post_id\" value=\"9869\"\/>\n\t\t\t<input type=\"hidden\" name=\"form_id\" value=\"11956f4\"\/>\n\t\t\t<input type=\"hidden\" name=\"referer_title\" value=\"SARONNI Lignes d&#8217;amenage des bobines\" \/>\n\n\t\t\t\n\t\t\t<div class=\"elementor-form-fields-wrapper elementor-labels-above\">\n\t\t\t\t\t\t\t\t<div class=\"elementor-field-type-html elementor-field-group elementor-column elementor-field-group-field_b9ccf61 elementor-col-100\">\n\t\t\t\t\t<br><p style = \"font-size:18px\"><B>DONN\u00c9ES PERSONNELLES<\/B>\t\t\t\t<\/div>\n\t\t\t\t\t\t\t\t<div class=\"elementor-field-type-text elementor-field-group elementor-column elementor-field-group-field_59c4d66 elementor-col-50\">\n\t\t\t\t\t\t\t\t\t\t\t\t<label for=\"form-field-field_59c4d66\" class=\"elementor-field-label\">\n\t\t\t\t\t\t\t\tNom de l'entreprise *\t\t\t\t\t\t\t<\/label>\n\t\t\t\t\t\t\t\t\t\t\t\t\t\t<input size=\"1\" type=\"text\" name=\"form_fields[field_59c4d66]\" id=\"form-field-field_59c4d66\" class=\"elementor-field elementor-size-sm  elementor-field-textual\">\n\t\t\t\t\t\t\t\t\t\t\t<\/div>\n\t\t\t\t\t\t\t\t<div class=\"elementor-field-type-text elementor-field-group elementor-column elementor-field-group-field_585d75f elementor-col-50\">\n\t\t\t\t\t\t\t\t\t\t\t\t<label for=\"form-field-field_585d75f\" class=\"elementor-field-label\">\n\t\t\t\t\t\t\t\tNom et pr\u00e9nom *\t\t\t\t\t\t\t<\/label>\n\t\t\t\t\t\t\t\t\t\t\t\t\t\t<input size=\"1\" type=\"text\" name=\"form_fields[field_585d75f]\" id=\"form-field-field_585d75f\" class=\"elementor-field elementor-size-sm  elementor-field-textual\">\n\t\t\t\t\t\t\t\t\t\t\t<\/div>\n\t\t\t\t\t\t\t\t<div class=\"elementor-field-type-text elementor-field-group elementor-column elementor-field-group-field_07384cc elementor-col-50\">\n\t\t\t\t\t\t\t\t\t\t\t\t<label for=\"form-field-field_07384cc\" class=\"elementor-field-label\">\n\t\t\t\t\t\t\t\tPosition *\t\t\t\t\t\t\t<\/label>\n\t\t\t\t\t\t\t\t\t\t\t\t\t\t<input size=\"1\" type=\"text\" name=\"form_fields[field_07384cc]\" id=\"form-field-field_07384cc\" class=\"elementor-field elementor-size-sm  elementor-field-textual\">\n\t\t\t\t\t\t\t\t\t\t\t<\/div>\n\t\t\t\t\t\t\t\t<div class=\"elementor-field-type-email elementor-field-group elementor-column elementor-field-group-email elementor-col-50 elementor-field-required\">\n\t\t\t\t\t\t\t\t\t\t\t\t<label for=\"form-field-email\" class=\"elementor-field-label\">\n\t\t\t\t\t\t\t\tEmail *\t\t\t\t\t\t\t<\/label>\n\t\t\t\t\t\t\t\t\t\t\t\t\t\t<input size=\"1\" type=\"email\" name=\"form_fields[email]\" id=\"form-field-email\" class=\"elementor-field elementor-size-sm  elementor-field-textual\" required=\"required\" aria-required=\"true\">\n\t\t\t\t\t\t\t\t\t\t\t<\/div>\n\t\t\t\t\t\t\t\t<div class=\"elementor-field-type-tel elementor-field-group elementor-column elementor-field-group-field_243226b elementor-col-50 elementor-field-required\">\n\t\t\t\t\t\t\t\t\t\t\t\t<label for=\"form-field-field_243226b\" class=\"elementor-field-label\">\n\t\t\t\t\t\t\t\tNum\u00e9ro de t\u00e9l\u00e9phone *\t\t\t\t\t\t\t<\/label>\n\t\t\t\t\t\t\t\t<input size=\"1\" type=\"tel\" name=\"form_fields[field_243226b]\" id=\"form-field-field_243226b\" class=\"elementor-field elementor-size-sm  elementor-field-textual\" required=\"required\" aria-required=\"true\" pattern=\"[0-9()#&amp;+*-=.]+\" title=\"Seuls les caract\u00e8res de num\u00e9ros de t\u00e9l\u00e9phone (#, -, *, etc.) sont accept\u00e9s.\">\n\n\t\t\t\t\t\t<\/div>\n\t\t\t\t\t\t\t\t<div class=\"elementor-field-type-text elementor-field-group elementor-column elementor-field-group-field_bb88ddd elementor-col-50\">\n\t\t\t\t\t\t\t\t\t\t\t\t<label for=\"form-field-field_bb88ddd\" class=\"elementor-field-label\">\n\t\t\t\t\t\t\t\tAdresse *\t\t\t\t\t\t\t<\/label>\n\t\t\t\t\t\t\t\t\t\t\t\t\t\t<input size=\"1\" type=\"text\" name=\"form_fields[field_bb88ddd]\" id=\"form-field-field_bb88ddd\" class=\"elementor-field elementor-size-sm  elementor-field-textual\">\n\t\t\t\t\t\t\t\t\t\t\t<\/div>\n\t\t\t\t\t\t\t\t<div class=\"elementor-field-type-html elementor-field-group elementor-column elementor-field-group-field_2c35fe6 elementor-col-100\">\n\t\t\t\t\t<br><br><p style = \"font-size:18px\"><B>DONNEES DE LA LIGNE D'AMENAGE<\/B>\t\t\t\t<\/div>\n\t\t\t\t\t\t\t\t<div class=\"elementor-field-type-text elementor-field-group elementor-column elementor-field-group-name elementor-col-50\">\n\t\t\t\t\t\t\t\t\t\t\t\t<label for=\"form-field-name\" class=\"elementor-field-label\">\n\t\t\t\t\t\t\t\tLieu d'installation de la ligne *\t\t\t\t\t\t\t<\/label>\n\t\t\t\t\t\t\t\t\t\t\t\t\t\t<input size=\"1\" type=\"text\" name=\"form_fields[name]\" id=\"form-field-name\" class=\"elementor-field elementor-size-sm  elementor-field-textual\">\n\t\t\t\t\t\t\t\t\t\t\t<\/div>\n\t\t\t\t\t\t\t\t<div class=\"elementor-field-type-text elementor-field-group elementor-column elementor-field-group-field_c40cc74 elementor-col-50\">\n\t\t\t\t\t\t\t\t\t\t\t\t<label for=\"form-field-field_c40cc74\" class=\"elementor-field-label\">\n\t\t\t\t\t\t\t\tNum\u00e9ro de s\u00e9rie (L00\u2026.) *\t\t\t\t\t\t\t<\/label>\n\t\t\t\t\t\t\t\t\t\t\t\t\t\t<input size=\"1\" type=\"text\" name=\"form_fields[field_c40cc74]\" id=\"form-field-field_c40cc74\" class=\"elementor-field elementor-size-sm  elementor-field-textual\">\n\t\t\t\t\t\t\t\t\t\t\t<\/div>\n\t\t\t\t\t\t\t\t<div class=\"elementor-field-type-html elementor-field-group elementor-column elementor-field-group-field_7719dcc elementor-col-100\">\n\t\t\t\t\t<br><br><p style = \"font-size:18px\"><B>DEMANDE<\/B> (SVP fournir les d\u00e9tails de la demande)*<br><B>DESCRIPTION DE LA PI\u00c8CE DE RECHANGE DEMAND\u00c9E<\/B><BR>(SVP indiquer le code Saronni ou la marque et code, si possible)*\t\t\t\t<\/div>\n\t\t\t\t\t\t\t\t<div class=\"elementor-field-type-textarea elementor-field-group elementor-column elementor-field-group-message elementor-col-100\">\n\t\t\t\t\t<textarea class=\"elementor-field-textual elementor-field  elementor-size-sm\" name=\"form_fields[message]\" id=\"form-field-message\" rows=\"4\"><\/textarea>\t\t\t\t<\/div>\n\t\t\t\t\t\t\t\t<div class=\"elementor-field-type-html elementor-field-group elementor-column elementor-field-group-field_3f0540b elementor-col-100\">\n\t\t\t\t\tEn vertu de et pour l'application de l\u2019 article 13 du R\u00e8glement de l'UE 679\/2016 j\u2019autorise le traitement de mes donn\u00e9es personnelles selon la politique de confidentialit\u00e9 de Saronni <a class=\"ajax-link\" href=\"\/privacy-policy\/\" data-id=\"46\">politique de confidentialit\u00e9<\/a>\t\t\t\t<\/div>\n\t\t\t\t\t\t\t\t<div class=\"elementor-field-type-acceptance elementor-field-group elementor-column elementor-field-group-field_6d71a61 elementor-col-100\">\n\t\t\t\t\t\t\t<div class=\"elementor-field-subgroup\">\n\t\t\t<span class=\"elementor-field-option\">\n\t\t\t\t<input type=\"checkbox\" name=\"form_fields[field_6d71a61]\" id=\"form-field-field_6d71a61\" class=\"elementor-field elementor-size-sm  elementor-acceptance-field\">\n\t\t\t\t<label for=\"form-field-field_6d71a61\">J'accepte<\/label>\t\t\t<\/span>\n\t\t<\/div>\n\t\t\t\t\t\t<\/div>\n\t\t\t\t\t\t\t\t<div class=\"elementor-field-group elementor-column elementor-field-type-submit elementor-col-100 e-form__buttons\">\n\t\t\t\t\t<button type=\"submit\" class=\"elementor-button elementor-size-sm\">\n\t\t\t\t\t\t<span >\n\t\t\t\t\t\t\t\t\t\t\t\t\t\t\t<span class=\" elementor-button-icon\">\n\t\t\t\t\t\t\t\t\t\t\t\t\t\t\t\t\t\t\t\t\t\t\t\t\t\t<\/span>\n\t\t\t\t\t\t\t\t\t\t\t\t\t\t\t\t\t\t\t\t\t\t<span class=\"elementor-button-text\">envoyer<\/span>\n\t\t\t\t\t\t\t\t\t\t\t\t\t<\/span>\n\t\t\t\t\t<\/button>\n\t\t\t\t<\/div>\n\t\t\t<\/div>\n\t\t<\/form>\n\t\t\t\t\t\t<\/div>\n\t\t\t\t<\/div>\n\t\t\t\t\t<\/div>\n\t\t\t\t<\/div>\n\t\t\t\t<\/div>\n\t\t","protected":false},"excerpt":{"rendered":"<p>DEMANDE D&#8217;ASSISTANCE \/ PIECES DE RECHANGE<\/p>\n","protected":false},"author":1,"featured_media":0,"parent":0,"menu_order":0,"comment_status":"closed","ping_status":"closed","template":"elementor_canvas","meta":{"_acf_changed":false,"footnotes":""},"class_list":["post-9869","page","type-page","status-publish","hentry"],"acf":[],"yoast_head":"<!-- This site is optimized with the Yoast SEO plugin v25.6 - https:\/\/yoast.com\/wordpress\/plugins\/seo\/ -->\n<title>DEMANDE D&#039;ASSISTANCE | SARONNI Lignes d&#039;amenage des bobines<\/title>\n<meta name=\"robots\" content=\"noindex, nofollow\" \/>\n<meta property=\"og:locale\" content=\"fr_FR\" \/>\n<meta property=\"og:type\" content=\"article\" \/>\n<meta property=\"og:title\" content=\"DEMANDE D&#039;ASSISTANCE | SARONNI Lignes d&#039;amenage des bobines\" \/>\n<meta property=\"og:description\" content=\"DEMANDE D&#8217;ASSISTANCE \/ PIECES DE RECHANGE\" \/>\n<meta property=\"og:url\" content=\"https:\/\/staging.saronni.com\/fr\/demande-dassistance\/\" \/>\n<meta property=\"og:site_name\" content=\"SARONNI Lignes d&#039;amenage des bobines\" \/>\n<meta property=\"article:modified_time\" content=\"2023-10-30T14:44:36+00:00\" \/>\n<meta name=\"twitter:card\" content=\"summary_large_image\" \/>\n<script type=\"application\/ld+json\" class=\"yoast-schema-graph\">{\"@context\":\"https:\/\/schema.org\",\"@graph\":[{\"@type\":\"WebPage\",\"@id\":\"https:\/\/staging.saronni.com\/fr\/demande-dassistance\/\",\"url\":\"https:\/\/staging.saronni.com\/fr\/demande-dassistance\/\",\"name\":\"DEMANDE D'ASSISTANCE | SARONNI Lignes d'amenage des bobines\",\"isPartOf\":{\"@id\":\"https:\/\/staging.saronni.com\/fr\/#website\"},\"datePublished\":\"2023-10-30T10:09:59+00:00\",\"dateModified\":\"2023-10-30T14:44:36+00:00\",\"breadcrumb\":{\"@id\":\"https:\/\/staging.saronni.com\/fr\/demande-dassistance\/#breadcrumb\"},\"inLanguage\":\"fr-FR\",\"potentialAction\":[{\"@type\":\"ReadAction\",\"target\":[\"https:\/\/staging.saronni.com\/fr\/demande-dassistance\/\"]}]},{\"@type\":\"BreadcrumbList\",\"@id\":\"https:\/\/staging.saronni.com\/fr\/demande-dassistance\/#breadcrumb\",\"itemListElement\":[{\"@type\":\"ListItem\",\"position\":1,\"name\":\"Home\",\"item\":\"https:\/\/staging.saronni.com\/fr\/\"},{\"@type\":\"ListItem\",\"position\":2,\"name\":\"DEMANDE D&#8217;ASSISTANCE\"}]},{\"@type\":\"WebSite\",\"@id\":\"https:\/\/staging.saronni.com\/fr\/#website\",\"url\":\"https:\/\/staging.saronni.com\/fr\/\",\"name\":\"SARONNI Lignes d'amenage des bobines\",\"description\":\"Coil Feeding Specialist\",\"potentialAction\":[{\"@type\":\"SearchAction\",\"target\":{\"@type\":\"EntryPoint\",\"urlTemplate\":\"https:\/\/staging.saronni.com\/fr\/?s={search_term_string}\"},\"query-input\":{\"@type\":\"PropertyValueSpecification\",\"valueRequired\":true,\"valueName\":\"search_term_string\"}}],\"inLanguage\":\"fr-FR\"}]}<\/script>\n<!-- \/ Yoast SEO plugin. -->","yoast_head_json":{"title":"DEMANDE D'ASSISTANCE | SARONNI Lignes d'amenage des bobines","robots":{"index":"noindex","follow":"nofollow"},"og_locale":"fr_FR","og_type":"article","og_title":"DEMANDE D'ASSISTANCE | SARONNI Lignes d'amenage des bobines","og_description":"DEMANDE D&#8217;ASSISTANCE \/ PIECES DE RECHANGE","og_url":"https:\/\/staging.saronni.com\/fr\/demande-dassistance\/","og_site_name":"SARONNI Lignes d'amenage des bobines","article_modified_time":"2023-10-30T14:44:36+00:00","twitter_card":"summary_large_image","schema":{"@context":"https:\/\/schema.org","@graph":[{"@type":"WebPage","@id":"https:\/\/staging.saronni.com\/fr\/demande-dassistance\/","url":"https:\/\/staging.saronni.com\/fr\/demande-dassistance\/","name":"DEMANDE D'ASSISTANCE | SARONNI Lignes d'amenage des bobines","isPartOf":{"@id":"https:\/\/staging.saronni.com\/fr\/#website"},"datePublished":"2023-10-30T10:09:59+00:00","dateModified":"2023-10-30T14:44:36+00:00","breadcrumb":{"@id":"https:\/\/staging.saronni.com\/fr\/demande-dassistance\/#breadcrumb"},"inLanguage":"fr-FR","potentialAction":[{"@type":"ReadAction","target":["https:\/\/staging.saronni.com\/fr\/demande-dassistance\/"]}]},{"@type":"BreadcrumbList","@id":"https:\/\/staging.saronni.com\/fr\/demande-dassistance\/#breadcrumb","itemListElement":[{"@type":"ListItem","position":1,"name":"Home","item":"https:\/\/staging.saronni.com\/fr\/"},{"@type":"ListItem","position":2,"name":"DEMANDE D&#8217;ASSISTANCE"}]},{"@type":"WebSite","@id":"https:\/\/staging.saronni.com\/fr\/#website","url":"https:\/\/staging.saronni.com\/fr\/","name":"SARONNI Lignes d'amenage des bobines","description":"Coil Feeding Specialist","potentialAction":[{"@type":"SearchAction","target":{"@type":"EntryPoint","urlTemplate":"https:\/\/staging.saronni.com\/fr\/?s={search_term_string}"},"query-input":{"@type":"PropertyValueSpecification","valueRequired":true,"valueName":"search_term_string"}}],"inLanguage":"fr-FR"}]}},"_links":{"self":[{"href":"https:\/\/staging.saronni.com\/fr\/wp-json\/wp\/v2\/pages\/9869"}],"collection":[{"href":"https:\/\/staging.saronni.com\/fr\/wp-json\/wp\/v2\/pages"}],"about":[{"href":"https:\/\/staging.saronni.com\/fr\/wp-json\/wp\/v2\/types\/page"}],"author":[{"embeddable":true,"href":"https:\/\/staging.saronni.com\/fr\/wp-json\/wp\/v2\/users\/1"}],"replies":[{"embeddable":true,"href":"https:\/\/staging.saronni.com\/fr\/wp-json\/wp\/v2\/comments?post=9869"}],"version-history":[{"count":4,"href":"https:\/\/staging.saronni.com\/fr\/wp-json\/wp\/v2\/pages\/9869\/revisions"}],"predecessor-version":[{"id":9949,"href":"https:\/\/staging.saronni.com\/fr\/wp-json\/wp\/v2\/pages\/9869\/revisions\/9949"}],"wp:attachment":[{"href":"https:\/\/staging.saronni.com\/fr\/wp-json\/wp\/v2\/media?parent=9869"}],"curies":[{"name":"wp","href":"https:\/\/api.w.org\/{rel}","templated":true}]}}